{"id":1214,"date":"2023-09-29T18:50:51","date_gmt":"2023-09-29T16:50:51","guid":{"rendered":"https:\/\/magicmadnessgoldens.hu\/?post_type=product&#038;p=1214"},"modified":"2023-11-22T19:31:24","modified_gmt":"2023-11-22T18:31:24","slug":"lorel","status":"publish","type":"product","link":"https:\/\/magicmadnessgoldens.hu\/en\/kutya\/lorel\/","title":{"rendered":"Lorel"},"content":{"rendered":"<p>INTER SHOW CHAMPION<br \/>\nHUNGARIAN VETERAN CHAMPION<br \/>\nHUNGARIAN SHOW CHAMPION<br \/>\nHUNGARIAN JUNIOR CHAMPION<br \/>\nROMANIAN JUNIOR CHAMPION<\/p>\n<p>Multiple CACIB and BOB winner<\/p>","protected":false},"excerpt":{"rendered":"<p class=\"p1\">\u0150fels\u00e9ge Lorel &#8211; a mi kir\u00e1lyn\u0151nk, a falkavez\u00e9r. M\u00e1ra m\u00e0r t\u00f6bbsz\u00f6r\u00f6s anyuka, nagymama, d\u00e9dmama. Az \u0151 v\u00e9rvonala a kennel\u00fcnk alapja. Nagyon sz\u00e9p \u00e9s eg\u00e9szs\u00e9ges kuty\u00e1kat k\u00f6sz\u00f6nhet\u00fcnk neki! Lorel a Shamrock kennelben sz\u00fcletett \u00e9s mindig h\u00e1l\u00e1s leszek a teny\u00e9szt\u0151j\u00e9nek, hogy 2013-ban bizalmat szavazott nek\u00fcnk \u00e9s elindulhattunk ezen az \u00faton. Ha Lorel nincs nekem, ma nem lehetn\u00e9k ugyanaz a teny\u00e9szt\u0151 aki vagyok. Rengeteget kaptunk t\u0151le, mindig csak a legjobbat! Igazi ki\u00e1ll\u00edt\u00e1si szt\u00e1r, tudja mag\u00e1r\u00f3l, hogy sz\u00e9p. A legokosabb, legsz\u00f3fogad\u00f3bb kuty\u00e1nk. Az eg\u00e9sz l\u00e9nye m\u00e9lt\u00f3s\u00e1gteljes, a kutyacsal\u00e1dja tagjaival \u00f6sszetartva igazi kl\u00e0nt \u201calap\u00edtottak\u201d , aminek \u00f6r\u00f6kre \u0151 marad a kir\u00e1lyn\u0151je. Minden teny\u00e9szt\u0151nek k\u00edv\u00e1nom, hogy tal\u00e1lja meg a saj\u00e0t Lorel\u00e9t \u2665<\/p>","protected":false},"featured_media":1186,"comment_status":"closed","ping_status":"closed","template":"","meta":{"_acf_changed":false},"product_cat":[63],"product_tag":[],"class_list":{"0":"post-1214","1":"product","2":"type-product","3":"status-publish","4":"has-post-thumbnail","6":"product_cat-szukak","8":"first","9":"instock","10":"shipping-taxable","11":"product-type-simple"},"acf":[],"yoast_head":"<!-- This site is optimized with the Yoast SEO plugin v23.4 - https:\/\/yoast.com\/wordpress\/plugins\/seo\/ -->\n<title>Lorel - Magic Madness Golden Retriever kennel<\/title>\n<meta name=\"robots\" content=\"index, follow, max-snippet:-1, max-image-preview:large, max-video-preview:-1\" \/>\n<link rel=\"canonical\" href=\"https:\/\/magicmadnessgoldens.hu\/en\/kutya\/lorel\/\" \/>\n<meta property=\"og:locale\" content=\"en_GB\" \/>\n<meta property=\"og:type\" content=\"article\" \/>\n<meta property=\"og:title\" content=\"Lorel - Magic Madness Golden Retriever kennel\" \/>\n<meta property=\"og:description\" content=\"\u0150fels\u00e9ge Lorel - a mi kir\u00e1lyn\u0151nk, a falkavez\u00e9r. M\u00e1ra m\u00e0r t\u00f6bbsz\u00f6r\u00f6s anyuka, nagymama, d\u00e9dmama. Az \u0151 v\u00e9rvonala a kennel\u00fcnk alapja. Nagyon sz\u00e9p \u00e9s eg\u00e9szs\u00e9ges kuty\u00e1kat k\u00f6sz\u00f6nhet\u00fcnk neki! Lorel a Shamrock kennelben sz\u00fcletett \u00e9s mindig h\u00e1l\u00e1s leszek a teny\u00e9szt\u0151j\u00e9nek, hogy 2013-ban bizalmat szavazott nek\u00fcnk \u00e9s elindulhattunk ezen az \u00faton. Ha Lorel nincs nekem, ma nem lehetn\u00e9k ugyanaz a teny\u00e9szt\u0151 aki vagyok. Rengeteget kaptunk t\u0151le, mindig csak a legjobbat! Igazi ki\u00e1ll\u00edt\u00e1si szt\u00e1r, tudja mag\u00e1r\u00f3l, hogy sz\u00e9p. A legokosabb, legsz\u00f3fogad\u00f3bb kuty\u00e1nk. Az eg\u00e9sz l\u00e9nye m\u00e9lt\u00f3s\u00e1gteljes, a kutyacsal\u00e1dja tagjaival \u00f6sszetartva igazi kl\u00e0nt \u201calap\u00edtottak\u201d , aminek \u00f6r\u00f6kre \u0151 marad a kir\u00e1lyn\u0151je. Minden teny\u00e9szt\u0151nek k\u00edv\u00e1nom, hogy tal\u00e1lja meg a saj\u00e0t Lorel\u00e9t \u2665\" \/>\n<meta property=\"og:url\" content=\"https:\/\/magicmadnessgoldens.hu\/en\/kutya\/lorel\/\" \/>\n<meta property=\"og:site_name\" content=\"Magic Madness Golden Retriever kennel\" \/>\n<meta property=\"article:modified_time\" content=\"2023-11-22T18:31:24+00:00\" \/>\n<meta property=\"og:image\" content=\"https:\/\/magicmadnessgoldens.hu\/wp-content\/uploads\/2023\/10\/golden-lorel.jpg\" \/>\n\t<meta property=\"og:image:width\" content=\"1080\" \/>\n\t<meta property=\"og:image:height\" content=\"1080\" \/>\n\t<meta property=\"og:image:type\" content=\"image\/jpeg\" \/>\n<meta name=\"twitter:card\" content=\"summary_large_image\" \/>\n<meta name=\"twitter:label1\" content=\"Estimated reading time\" \/>\n\t<meta name=\"twitter:data1\" content=\"1 minute\" \/>\n<script type=\"application\/ld+json\" class=\"yoast-schema-graph\">{\"@context\":\"https:\/\/schema.org\",\"@graph\":[{\"@type\":\"WebPage\",\"@id\":\"https:\/\/magicmadnessgoldens.hu\/kutya\/lorel\/\",\"url\":\"https:\/\/magicmadnessgoldens.hu\/kutya\/lorel\/\",\"name\":\"Lorel - Magic Madness Golden Retriever kennel\",\"isPartOf\":{\"@id\":\"https:\/\/magicmadnessgoldens.hu\/#website\"},\"primaryImageOfPage\":{\"@id\":\"https:\/\/magicmadnessgoldens.hu\/kutya\/lorel\/#primaryimage\"},\"image\":{\"@id\":\"https:\/\/magicmadnessgoldens.hu\/kutya\/lorel\/#primaryimage\"},\"thumbnailUrl\":\"https:\/\/magicmadnessgoldens.hu\/wp-content\/uploads\/2023\/10\/golden-lorel.jpg\",\"datePublished\":\"2023-09-29T16:50:51+00:00\",\"dateModified\":\"2023-11-22T18:31:24+00:00\",\"breadcrumb\":{\"@id\":\"https:\/\/magicmadnessgoldens.hu\/kutya\/lorel\/#breadcrumb\"},\"inLanguage\":\"en-GB\",\"potentialAction\":[{\"@type\":\"ReadAction\",\"target\":[\"https:\/\/magicmadnessgoldens.hu\/kutya\/lorel\/\"]}]},{\"@type\":\"ImageObject\",\"inLanguage\":\"en-GB\",\"@id\":\"https:\/\/magicmadnessgoldens.hu\/kutya\/lorel\/#primaryimage\",\"url\":\"https:\/\/magicmadnessgoldens.hu\/wp-content\/uploads\/2023\/10\/golden-lorel.jpg\",\"contentUrl\":\"https:\/\/magicmadnessgoldens.hu\/wp-content\/uploads\/2023\/10\/golden-lorel.jpg\",\"width\":1080,\"height\":1080},{\"@type\":\"BreadcrumbList\",\"@id\":\"https:\/\/magicmadnessgoldens.hu\/kutya\/lorel\/#breadcrumb\",\"itemListElement\":[{\"@type\":\"ListItem\",\"position\":1,\"name\":\"Kezd\u0151lap\",\"item\":\"https:\/\/magicmadnessgoldens.hu\/\"},{\"@type\":\"ListItem\",\"position\":2,\"name\":\"Term\u00e9kek\",\"item\":\"https:\/\/magicmadnessgoldens.hu\/uzlet\/\"},{\"@type\":\"ListItem\",\"position\":3,\"name\":\"Lorel\"}]},{\"@type\":\"WebSite\",\"@id\":\"https:\/\/magicmadnessgoldens.hu\/#website\",\"url\":\"https:\/\/magicmadnessgoldens.hu\/\",\"name\":\"Magic Madness Golden Retriever kennel\",\"description\":\"\",\"publisher\":{\"@id\":\"https:\/\/magicmadnessgoldens.hu\/#organization\"},\"potentialAction\":[{\"@type\":\"SearchAction\",\"target\":{\"@type\":\"EntryPoint\",\"urlTemplate\":\"https:\/\/magicmadnessgoldens.hu\/?s={search_term_string}\"},\"query-input\":{\"@type\":\"PropertyValueSpecification\",\"valueRequired\":true,\"valueName\":\"search_term_string\"}}],\"inLanguage\":\"en-GB\"},{\"@type\":\"Organization\",\"@id\":\"https:\/\/magicmadnessgoldens.hu\/#organization\",\"name\":\"Magic Madness Golden Retriever kennel\",\"url\":\"https:\/\/magicmadnessgoldens.hu\/\",\"logo\":{\"@type\":\"ImageObject\",\"inLanguage\":\"en-GB\",\"@id\":\"https:\/\/magicmadnessgoldens.hu\/#\/schema\/logo\/image\/\",\"url\":\"\",\"contentUrl\":\"\",\"caption\":\"Magic Madness Golden Retriever kennel\"},\"image\":{\"@id\":\"https:\/\/magicmadnessgoldens.hu\/#\/schema\/logo\/image\/\"}}]}<\/script>\n<!-- \/ Yoast SEO plugin. -->","yoast_head_json":{"title":"Lorel - Magic Madness Golden Retriever kennel","robots":{"index":"index","follow":"follow","max-snippet":"max-snippet:-1","max-image-preview":"max-image-preview:large","max-video-preview":"max-video-preview:-1"},"canonical":"https:\/\/magicmadnessgoldens.hu\/en\/kutya\/lorel\/","og_locale":"en_GB","og_type":"article","og_title":"Lorel - Magic Madness Golden Retriever kennel","og_description":"\u0150fels\u00e9ge Lorel - a mi kir\u00e1lyn\u0151nk, a falkavez\u00e9r. M\u00e1ra m\u00e0r t\u00f6bbsz\u00f6r\u00f6s anyuka, nagymama, d\u00e9dmama. Az \u0151 v\u00e9rvonala a kennel\u00fcnk alapja. Nagyon sz\u00e9p \u00e9s eg\u00e9szs\u00e9ges kuty\u00e1kat k\u00f6sz\u00f6nhet\u00fcnk neki! Lorel a Shamrock kennelben sz\u00fcletett \u00e9s mindig h\u00e1l\u00e1s leszek a teny\u00e9szt\u0151j\u00e9nek, hogy 2013-ban bizalmat szavazott nek\u00fcnk \u00e9s elindulhattunk ezen az \u00faton. Ha Lorel nincs nekem, ma nem lehetn\u00e9k ugyanaz a teny\u00e9szt\u0151 aki vagyok. Rengeteget kaptunk t\u0151le, mindig csak a legjobbat! Igazi ki\u00e1ll\u00edt\u00e1si szt\u00e1r, tudja mag\u00e1r\u00f3l, hogy sz\u00e9p. A legokosabb, legsz\u00f3fogad\u00f3bb kuty\u00e1nk. Az eg\u00e9sz l\u00e9nye m\u00e9lt\u00f3s\u00e1gteljes, a kutyacsal\u00e1dja tagjaival \u00f6sszetartva igazi kl\u00e0nt \u201calap\u00edtottak\u201d , aminek \u00f6r\u00f6kre \u0151 marad a kir\u00e1lyn\u0151je. Minden teny\u00e9szt\u0151nek k\u00edv\u00e1nom, hogy tal\u00e1lja meg a saj\u00e0t Lorel\u00e9t \u2665","og_url":"https:\/\/magicmadnessgoldens.hu\/en\/kutya\/lorel\/","og_site_name":"Magic Madness Golden Retriever kennel","article_modified_time":"2023-11-22T18:31:24+00:00","og_image":[{"width":1080,"height":1080,"url":"https:\/\/magicmadnessgoldens.hu\/wp-content\/uploads\/2023\/10\/golden-lorel.jpg","type":"image\/jpeg"}],"twitter_card":"summary_large_image","twitter_misc":{"Estimated reading time":"1 minute"},"schema":{"@context":"https:\/\/schema.org","@graph":[{"@type":"WebPage","@id":"https:\/\/magicmadnessgoldens.hu\/kutya\/lorel\/","url":"https:\/\/magicmadnessgoldens.hu\/kutya\/lorel\/","name":"Lorel - Magic Madness Golden Retriever kennel","isPartOf":{"@id":"https:\/\/magicmadnessgoldens.hu\/#website"},"primaryImageOfPage":{"@id":"https:\/\/magicmadnessgoldens.hu\/kutya\/lorel\/#primaryimage"},"image":{"@id":"https:\/\/magicmadnessgoldens.hu\/kutya\/lorel\/#primaryimage"},"thumbnailUrl":"https:\/\/magicmadnessgoldens.hu\/wp-content\/uploads\/2023\/10\/golden-lorel.jpg","datePublished":"2023-09-29T16:50:51+00:00","dateModified":"2023-11-22T18:31:24+00:00","breadcrumb":{"@id":"https:\/\/magicmadnessgoldens.hu\/kutya\/lorel\/#breadcrumb"},"inLanguage":"en-GB","potentialAction":[{"@type":"ReadAction","target":["https:\/\/magicmadnessgoldens.hu\/kutya\/lorel\/"]}]},{"@type":"ImageObject","inLanguage":"en-GB","@id":"https:\/\/magicmadnessgoldens.hu\/kutya\/lorel\/#primaryimage","url":"https:\/\/magicmadnessgoldens.hu\/wp-content\/uploads\/2023\/10\/golden-lorel.jpg","contentUrl":"https:\/\/magicmadnessgoldens.hu\/wp-content\/uploads\/2023\/10\/golden-lorel.jpg","width":1080,"height":1080},{"@type":"BreadcrumbList","@id":"https:\/\/magicmadnessgoldens.hu\/kutya\/lorel\/#breadcrumb","itemListElement":[{"@type":"ListItem","position":1,"name":"Kezd\u0151lap","item":"https:\/\/magicmadnessgoldens.hu\/"},{"@type":"ListItem","position":2,"name":"Term\u00e9kek","item":"https:\/\/magicmadnessgoldens.hu\/uzlet\/"},{"@type":"ListItem","position":3,"name":"Lorel"}]},{"@type":"WebSite","@id":"https:\/\/magicmadnessgoldens.hu\/#website","url":"https:\/\/magicmadnessgoldens.hu\/","name":"Magic Madness Golden Retriever kennel","description":"","publisher":{"@id":"https:\/\/magicmadnessgoldens.hu\/#organization"},"potentialAction":[{"@type":"SearchAction","target":{"@type":"EntryPoint","urlTemplate":"https:\/\/magicmadnessgoldens.hu\/?s={search_term_string}"},"query-input":{"@type":"PropertyValueSpecification","valueRequired":true,"valueName":"search_term_string"}}],"inLanguage":"en-GB"},{"@type":"Organization","@id":"https:\/\/magicmadnessgoldens.hu\/#organization","name":"Magic Madness Golden Retriever kennel","url":"https:\/\/magicmadnessgoldens.hu\/","logo":{"@type":"ImageObject","inLanguage":"en-GB","@id":"https:\/\/magicmadnessgoldens.hu\/#\/schema\/logo\/image\/","url":"","contentUrl":"","caption":"Magic Madness Golden Retriever kennel"},"image":{"@id":"https:\/\/magicmadnessgoldens.hu\/#\/schema\/logo\/image\/"}}]}},"_links":{"self":[{"href":"https:\/\/magicmadnessgoldens.hu\/en\/wp-json\/wp\/v2\/product\/1214","targetHints":{"allow":["GET"]}}],"collection":[{"href":"https:\/\/magicmadnessgoldens.hu\/en\/wp-json\/wp\/v2\/product"}],"about":[{"href":"https:\/\/magicmadnessgoldens.hu\/en\/wp-json\/wp\/v2\/types\/product"}],"replies":[{"embeddable":true,"href":"https:\/\/magicmadnessgoldens.hu\/en\/wp-json\/wp\/v2\/comments?post=1214"}],"wp:featuredmedia":[{"embeddable":true,"href":"https:\/\/magicmadnessgoldens.hu\/en\/wp-json\/wp\/v2\/media\/1186"}],"wp:attachment":[{"href":"https:\/\/magicmadnessgoldens.hu\/en\/wp-json\/wp\/v2\/media?parent=1214"}],"wp:term":[{"taxonomy":"product_cat","embeddable":true,"href":"https:\/\/magicmadnessgoldens.hu\/en\/wp-json\/wp\/v2\/product_cat?post=1214"},{"taxonomy":"product_tag","embeddable":true,"href":"https:\/\/magicmadnessgoldens.hu\/en\/wp-json\/wp\/v2\/product_tag?post=1214"}],"curies":[{"name":"wp","href":"https:\/\/api.w.org\/{rel}","templated":true}]}}