{"id":1211,"date":"2023-10-02T18:50:51","date_gmt":"2023-10-02T16:50:51","guid":{"rendered":"https:\/\/magicmadnessgoldens.hu\/?post_type=product&#038;p=1211"},"modified":"2023-11-22T22:46:31","modified_gmt":"2023-11-22T21:46:31","slug":"sansa","status":"publish","type":"product","link":"https:\/\/magicmadnessgoldens.hu\/en\/kutya\/sansa\/","title":{"rendered":"Sansa"},"content":{"rendered":"<p>HUNGARIAN JUNIOR CHAMPION<br \/>\nBABY BEST IN SHOW<br \/>\nBEST JUNIOR<\/p>\n<p>5 X Class Winner<\/p>","protected":false},"excerpt":{"rendered":"<p>Sansa a mi Stark \u00farn\u0151nk (Tr\u00f3nok harca sorozatrajong\u00f3k el\u0151nyben). Sansa &#8211; Piper kuty\u00e1nk kisl\u00e1nya &#8211; egy olyan alomban sz\u00fcletett, ahol csak 3 szuk\u00e1t kaptunk Pipert\u0151l. A 3 kisl\u00e1ny st\u00edlusosan a Pind\u00far Pand\u00far tri\u00f3 tagjai ut\u00e1n kapta a t\u00f6rzsk\u00f6nyvi neveit. Sansa nev\u00e9hez m\u00e9lt\u00f3n egy t\u00fczes, akt\u00edv, uralkod\u00f3 l\u00e1ny. Fantasztikus vad\u00e1sz\u00f6szt\u00f6ne van, \u00e9s egy kenguru is megirigyelhetn\u00e9 amilyen k\u00f6nnyed\u00e9n ugrik fel magasabb helyekre. Ellen\u00e1lhatatlan gombszemei \u00e9s hatalmas puha arany bund\u00e1ja van, amit im\u00e1dunk simogatni :)<\/p>","protected":false},"featured_media":1387,"comment_status":"closed","ping_status":"closed","template":"","meta":{"_acf_changed":false},"product_cat":[63],"product_tag":[],"class_list":{"0":"post-1211","1":"product","2":"type-product","3":"status-publish","4":"has-post-thumbnail","6":"product_cat-szukak","8":"first","9":"instock","10":"shipping-taxable","11":"product-type-simple"},"acf":[],"yoast_head":"<!-- This site is optimized with the Yoast SEO plugin v23.4 - https:\/\/yoast.com\/wordpress\/plugins\/seo\/ -->\n<title>Sansa - Magic Madness Golden Retriever kennel<\/title>\n<meta name=\"robots\" content=\"index, follow, max-snippet:-1, max-image-preview:large, max-video-preview:-1\" \/>\n<link rel=\"canonical\" href=\"https:\/\/magicmadnessgoldens.hu\/en\/kutya\/sansa\/\" \/>\n<meta property=\"og:locale\" content=\"en_GB\" \/>\n<meta property=\"og:type\" content=\"article\" \/>\n<meta property=\"og:title\" content=\"Sansa - Magic Madness Golden Retriever kennel\" \/>\n<meta property=\"og:description\" content=\"Sansa a mi Stark \u00farn\u0151nk (Tr\u00f3nok harca sorozatrajong\u00f3k el\u0151nyben). Sansa - Piper kuty\u00e1nk kisl\u00e1nya - egy olyan alomban sz\u00fcletett, ahol csak 3 szuk\u00e1t kaptunk Pipert\u0151l. A 3 kisl\u00e1ny st\u00edlusosan a Pind\u00far Pand\u00far tri\u00f3 tagjai ut\u00e1n kapta a t\u00f6rzsk\u00f6nyvi neveit. Sansa nev\u00e9hez m\u00e9lt\u00f3n egy t\u00fczes, akt\u00edv, uralkod\u00f3 l\u00e1ny. Fantasztikus vad\u00e1sz\u00f6szt\u00f6ne van, \u00e9s egy kenguru is megirigyelhetn\u00e9 amilyen k\u00f6nnyed\u00e9n ugrik fel magasabb helyekre. Ellen\u00e1lhatatlan gombszemei \u00e9s hatalmas puha arany bund\u00e1ja van, amit im\u00e1dunk simogatni :)\" \/>\n<meta property=\"og:url\" content=\"https:\/\/magicmadnessgoldens.hu\/en\/kutya\/sansa\/\" \/>\n<meta property=\"og:site_name\" content=\"Magic Madness Golden Retriever kennel\" \/>\n<meta property=\"article:modified_time\" content=\"2023-11-22T21:46:31+00:00\" \/>\n<meta property=\"og:image\" content=\"https:\/\/magicmadnessgoldens.hu\/wp-content\/uploads\/2023\/10\/golden-sansa-1.jpg\" \/>\n\t<meta property=\"og:image:width\" content=\"1080\" \/>\n\t<meta property=\"og:image:height\" content=\"1080\" \/>\n\t<meta property=\"og:image:type\" content=\"image\/jpeg\" \/>\n<meta name=\"twitter:card\" content=\"summary_large_image\" \/>\n<meta name=\"twitter:label1\" content=\"Estimated reading time\" \/>\n\t<meta name=\"twitter:data1\" content=\"1 minute\" \/>\n<script type=\"application\/ld+json\" class=\"yoast-schema-graph\">{\"@context\":\"https:\/\/schema.org\",\"@graph\":[{\"@type\":\"WebPage\",\"@id\":\"https:\/\/magicmadnessgoldens.hu\/kutya\/sansa\/\",\"url\":\"https:\/\/magicmadnessgoldens.hu\/kutya\/sansa\/\",\"name\":\"Sansa - Magic Madness Golden Retriever kennel\",\"isPartOf\":{\"@id\":\"https:\/\/magicmadnessgoldens.hu\/#website\"},\"primaryImageOfPage\":{\"@id\":\"https:\/\/magicmadnessgoldens.hu\/kutya\/sansa\/#primaryimage\"},\"image\":{\"@id\":\"https:\/\/magicmadnessgoldens.hu\/kutya\/sansa\/#primaryimage\"},\"thumbnailUrl\":\"https:\/\/magicmadnessgoldens.hu\/wp-content\/uploads\/2023\/10\/golden-sansa-1.jpg\",\"datePublished\":\"2023-10-02T16:50:51+00:00\",\"dateModified\":\"2023-11-22T21:46:31+00:00\",\"breadcrumb\":{\"@id\":\"https:\/\/magicmadnessgoldens.hu\/kutya\/sansa\/#breadcrumb\"},\"inLanguage\":\"en-GB\",\"potentialAction\":[{\"@type\":\"ReadAction\",\"target\":[\"https:\/\/magicmadnessgoldens.hu\/kutya\/sansa\/\"]}]},{\"@type\":\"ImageObject\",\"inLanguage\":\"en-GB\",\"@id\":\"https:\/\/magicmadnessgoldens.hu\/kutya\/sansa\/#primaryimage\",\"url\":\"https:\/\/magicmadnessgoldens.hu\/wp-content\/uploads\/2023\/10\/golden-sansa-1.jpg\",\"contentUrl\":\"https:\/\/magicmadnessgoldens.hu\/wp-content\/uploads\/2023\/10\/golden-sansa-1.jpg\",\"width\":1080,\"height\":1080},{\"@type\":\"BreadcrumbList\",\"@id\":\"https:\/\/magicmadnessgoldens.hu\/kutya\/sansa\/#breadcrumb\",\"itemListElement\":[{\"@type\":\"ListItem\",\"position\":1,\"name\":\"Kezd\u0151lap\",\"item\":\"https:\/\/magicmadnessgoldens.hu\/\"},{\"@type\":\"ListItem\",\"position\":2,\"name\":\"Term\u00e9kek\",\"item\":\"https:\/\/magicmadnessgoldens.hu\/uzlet\/\"},{\"@type\":\"ListItem\",\"position\":3,\"name\":\"Sansa\"}]},{\"@type\":\"WebSite\",\"@id\":\"https:\/\/magicmadnessgoldens.hu\/#website\",\"url\":\"https:\/\/magicmadnessgoldens.hu\/\",\"name\":\"Magic Madness Golden Retriever kennel\",\"description\":\"\",\"publisher\":{\"@id\":\"https:\/\/magicmadnessgoldens.hu\/#organization\"},\"potentialAction\":[{\"@type\":\"SearchAction\",\"target\":{\"@type\":\"EntryPoint\",\"urlTemplate\":\"https:\/\/magicmadnessgoldens.hu\/?s={search_term_string}\"},\"query-input\":{\"@type\":\"PropertyValueSpecification\",\"valueRequired\":true,\"valueName\":\"search_term_string\"}}],\"inLanguage\":\"en-GB\"},{\"@type\":\"Organization\",\"@id\":\"https:\/\/magicmadnessgoldens.hu\/#organization\",\"name\":\"Magic Madness Golden Retriever kennel\",\"url\":\"https:\/\/magicmadnessgoldens.hu\/\",\"logo\":{\"@type\":\"ImageObject\",\"inLanguage\":\"en-GB\",\"@id\":\"https:\/\/magicmadnessgoldens.hu\/#\/schema\/logo\/image\/\",\"url\":\"\",\"contentUrl\":\"\",\"caption\":\"Magic Madness Golden Retriever kennel\"},\"image\":{\"@id\":\"https:\/\/magicmadnessgoldens.hu\/#\/schema\/logo\/image\/\"}}]}<\/script>\n<!-- \/ Yoast SEO plugin. -->","yoast_head_json":{"title":"Sansa - Magic Madness Golden Retriever kennel","robots":{"index":"index","follow":"follow","max-snippet":"max-snippet:-1","max-image-preview":"max-image-preview:large","max-video-preview":"max-video-preview:-1"},"canonical":"https:\/\/magicmadnessgoldens.hu\/en\/kutya\/sansa\/","og_locale":"en_GB","og_type":"article","og_title":"Sansa - Magic Madness Golden Retriever kennel","og_description":"Sansa a mi Stark \u00farn\u0151nk (Tr\u00f3nok harca sorozatrajong\u00f3k el\u0151nyben). Sansa - Piper kuty\u00e1nk kisl\u00e1nya - egy olyan alomban sz\u00fcletett, ahol csak 3 szuk\u00e1t kaptunk Pipert\u0151l. A 3 kisl\u00e1ny st\u00edlusosan a Pind\u00far Pand\u00far tri\u00f3 tagjai ut\u00e1n kapta a t\u00f6rzsk\u00f6nyvi neveit. Sansa nev\u00e9hez m\u00e9lt\u00f3n egy t\u00fczes, akt\u00edv, uralkod\u00f3 l\u00e1ny. Fantasztikus vad\u00e1sz\u00f6szt\u00f6ne van, \u00e9s egy kenguru is megirigyelhetn\u00e9 amilyen k\u00f6nnyed\u00e9n ugrik fel magasabb helyekre. Ellen\u00e1lhatatlan gombszemei \u00e9s hatalmas puha arany bund\u00e1ja van, amit im\u00e1dunk simogatni :)","og_url":"https:\/\/magicmadnessgoldens.hu\/en\/kutya\/sansa\/","og_site_name":"Magic Madness Golden Retriever kennel","article_modified_time":"2023-11-22T21:46:31+00:00","og_image":[{"width":1080,"height":1080,"url":"https:\/\/magicmadnessgoldens.hu\/wp-content\/uploads\/2023\/10\/golden-sansa-1.jpg","type":"image\/jpeg"}],"twitter_card":"summary_large_image","twitter_misc":{"Estimated reading time":"1 minute"},"schema":{"@context":"https:\/\/schema.org","@graph":[{"@type":"WebPage","@id":"https:\/\/magicmadnessgoldens.hu\/kutya\/sansa\/","url":"https:\/\/magicmadnessgoldens.hu\/kutya\/sansa\/","name":"Sansa - Magic Madness Golden Retriever kennel","isPartOf":{"@id":"https:\/\/magicmadnessgoldens.hu\/#website"},"primaryImageOfPage":{"@id":"https:\/\/magicmadnessgoldens.hu\/kutya\/sansa\/#primaryimage"},"image":{"@id":"https:\/\/magicmadnessgoldens.hu\/kutya\/sansa\/#primaryimage"},"thumbnailUrl":"https:\/\/magicmadnessgoldens.hu\/wp-content\/uploads\/2023\/10\/golden-sansa-1.jpg","datePublished":"2023-10-02T16:50:51+00:00","dateModified":"2023-11-22T21:46:31+00:00","breadcrumb":{"@id":"https:\/\/magicmadnessgoldens.hu\/kutya\/sansa\/#breadcrumb"},"inLanguage":"en-GB","potentialAction":[{"@type":"ReadAction","target":["https:\/\/magicmadnessgoldens.hu\/kutya\/sansa\/"]}]},{"@type":"ImageObject","inLanguage":"en-GB","@id":"https:\/\/magicmadnessgoldens.hu\/kutya\/sansa\/#primaryimage","url":"https:\/\/magicmadnessgoldens.hu\/wp-content\/uploads\/2023\/10\/golden-sansa-1.jpg","contentUrl":"https:\/\/magicmadnessgoldens.hu\/wp-content\/uploads\/2023\/10\/golden-sansa-1.jpg","width":1080,"height":1080},{"@type":"BreadcrumbList","@id":"https:\/\/magicmadnessgoldens.hu\/kutya\/sansa\/#breadcrumb","itemListElement":[{"@type":"ListItem","position":1,"name":"Kezd\u0151lap","item":"https:\/\/magicmadnessgoldens.hu\/"},{"@type":"ListItem","position":2,"name":"Term\u00e9kek","item":"https:\/\/magicmadnessgoldens.hu\/uzlet\/"},{"@type":"ListItem","position":3,"name":"Sansa"}]},{"@type":"WebSite","@id":"https:\/\/magicmadnessgoldens.hu\/#website","url":"https:\/\/magicmadnessgoldens.hu\/","name":"Magic Madness Golden Retriever kennel","description":"","publisher":{"@id":"https:\/\/magicmadnessgoldens.hu\/#organization"},"potentialAction":[{"@type":"SearchAction","target":{"@type":"EntryPoint","urlTemplate":"https:\/\/magicmadnessgoldens.hu\/?s={search_term_string}"},"query-input":{"@type":"PropertyValueSpecification","valueRequired":true,"valueName":"search_term_string"}}],"inLanguage":"en-GB"},{"@type":"Organization","@id":"https:\/\/magicmadnessgoldens.hu\/#organization","name":"Magic Madness Golden Retriever kennel","url":"https:\/\/magicmadnessgoldens.hu\/","logo":{"@type":"ImageObject","inLanguage":"en-GB","@id":"https:\/\/magicmadnessgoldens.hu\/#\/schema\/logo\/image\/","url":"","contentUrl":"","caption":"Magic Madness Golden Retriever kennel"},"image":{"@id":"https:\/\/magicmadnessgoldens.hu\/#\/schema\/logo\/image\/"}}]}},"_links":{"self":[{"href":"https:\/\/magicmadnessgoldens.hu\/en\/wp-json\/wp\/v2\/product\/1211","targetHints":{"allow":["GET"]}}],"collection":[{"href":"https:\/\/magicmadnessgoldens.hu\/en\/wp-json\/wp\/v2\/product"}],"about":[{"href":"https:\/\/magicmadnessgoldens.hu\/en\/wp-json\/wp\/v2\/types\/product"}],"replies":[{"embeddable":true,"href":"https:\/\/magicmadnessgoldens.hu\/en\/wp-json\/wp\/v2\/comments?post=1211"}],"wp:featuredmedia":[{"embeddable":true,"href":"https:\/\/magicmadnessgoldens.hu\/en\/wp-json\/wp\/v2\/media\/1387"}],"wp:attachment":[{"href":"https:\/\/magicmadnessgoldens.hu\/en\/wp-json\/wp\/v2\/media?parent=1211"}],"wp:term":[{"taxonomy":"product_cat","embeddable":true,"href":"https:\/\/magicmadnessgoldens.hu\/en\/wp-json\/wp\/v2\/product_cat?post=1211"},{"taxonomy":"product_tag","embeddable":true,"href":"https:\/\/magicmadnessgoldens.hu\/en\/wp-json\/wp\/v2\/product_tag?post=1211"}],"curies":[{"name":"wp","href":"https:\/\/api.w.org\/{rel}","templated":true}]}}