{"id":1253,"date":"2023-10-11T18:48:05","date_gmt":"2023-10-11T16:48:05","guid":{"rendered":"https:\/\/magicmadnessgoldens.hu\/?page_id=1253"},"modified":"2025-10-29T23:12:32","modified_gmt":"2025-10-29T22:12:32","slug":"kolykok","status":"publish","type":"page","link":"https:\/\/magicmadnessgoldens.hu\/en\/puppies\/","title":{"rendered":"Puppies"},"content":{"rendered":"<div class=\"wpb-content-wrapper\"><div class=\"vc_row wpb_row top-row vc_custom_1699548860602 section section-default mt-0 section-no-borders porto-inner-container\"><div class=\"porto-wrap-container container\"><div class=\"row align-items-center\"><div class=\"vc_column_container col-md-12\" data-appear-animation=\"fadeInLeft\" data-appear-animation-delay=\"200\"><div class=\"wpb_wrapper vc_column-inner\"><h2 style=\"text-align: center;font-weight:700\" class=\"vc_custom_heading mb-3\" >Puppies<\/h2><\/div><\/div><\/div><\/div><\/div><div class=\"vc_row wpb_row top-row pt-0 section section-default mt-0 section-no-borders porto-inner-container\"><div class=\"porto-wrap-container container\"><div class=\"row align-items-center\"><div class=\"mb-5 mb-md-0 vc_column_container col-md-6\" data-appear-animation=\"fadeInLeft\" data-appear-animation-delay=\"200\"><div class=\"wpb_wrapper vc_column-inner\"><div class=\"wpb_gallery wpb_content_element vc_clearfix\" ><div class=\"wpb_wrapper\"><div class=\"wpb_gallery_slides wpb_flexslider flexslider_fade flexslider\" data-interval=\"3\" data-flex_fx=\"fade\"><ul class=\"slides\"><li><a class=\"\" href=\"https:\/\/magicmadnessgoldens.hu\/wp-content\/uploads\/2025\/04\/Lila-2-1024x684.jpg\" data-lightbox=\"lightbox[rel-1253-3662100495]\"><img decoding=\"async\" width=\"1024\" height=\"684\" src=\"https:\/\/magicmadnessgoldens.hu\/wp-content\/uploads\/2025\/04\/Lila-2-1024x684.jpg\" class=\"attachment-large\" alt=\"\" title=\"Lila 2\" srcset=\"https:\/\/magicmadnessgoldens.hu\/wp-content\/uploads\/2025\/04\/Lila-2-1024x684.jpg 1024w, https:\/\/magicmadnessgoldens.hu\/wp-content\/uploads\/2025\/04\/Lila-2-768x513.jpg 768w, https:\/\/magicmadnessgoldens.hu\/wp-content\/uploads\/2025\/04\/Lila-2-640x428.jpg 640w, https:\/\/magicmadnessgoldens.hu\/wp-content\/uploads\/2025\/04\/Lila-2-400x267.jpg 400w, https:\/\/magicmadnessgoldens.hu\/wp-content\/uploads\/2025\/04\/Lila-2-600x401.jpg 600w\" sizes=\"(max-width: 1024px) 100vw, 1024px\" \/><\/a><\/li><li><a class=\"\" href=\"https:\/\/magicmadnessgoldens.hu\/wp-content\/uploads\/2025\/08\/pup-1-1024x684.jpeg\" data-lightbox=\"lightbox[rel-1253-3662100495]\"><img decoding=\"async\" width=\"1024\" height=\"684\" src=\"https:\/\/magicmadnessgoldens.hu\/wp-content\/uploads\/2025\/08\/pup-1-1024x684.jpeg\" class=\"attachment-large\" alt=\"\" title=\"pup 1\" srcset=\"https:\/\/magicmadnessgoldens.hu\/wp-content\/uploads\/2025\/08\/pup-1-1024x684.jpeg 1024w, https:\/\/magicmadnessgoldens.hu\/wp-content\/uploads\/2025\/08\/pup-1-768x513.jpeg 768w, https:\/\/magicmadnessgoldens.hu\/wp-content\/uploads\/2025\/08\/pup-1-640x427.jpeg 640w, https:\/\/magicmadnessgoldens.hu\/wp-content\/uploads\/2025\/08\/pup-1-400x267.jpeg 400w, https:\/\/magicmadnessgoldens.hu\/wp-content\/uploads\/2025\/08\/pup-1-600x400.jpeg 600w\" sizes=\"(max-width: 1024px) 100vw, 1024px\" \/><\/a><\/li><li><a class=\"\" href=\"https:\/\/magicmadnessgoldens.hu\/wp-content\/uploads\/2025\/08\/pup-3-1024x684.jpeg\" data-lightbox=\"lightbox[rel-1253-3662100495]\"><img decoding=\"async\" width=\"1024\" height=\"684\" src=\"https:\/\/magicmadnessgoldens.hu\/wp-content\/uploads\/2025\/08\/pup-3-1024x684.jpeg\" class=\"attachment-large\" alt=\"\" title=\"pup 3\" srcset=\"https:\/\/magicmadnessgoldens.hu\/wp-content\/uploads\/2025\/08\/pup-3-1024x684.jpeg 1024w, https:\/\/magicmadnessgoldens.hu\/wp-content\/uploads\/2025\/08\/pup-3-768x513.jpeg 768w, https:\/\/magicmadnessgoldens.hu\/wp-content\/uploads\/2025\/08\/pup-3-640x427.jpeg 640w, https:\/\/magicmadnessgoldens.hu\/wp-content\/uploads\/2025\/08\/pup-3-400x267.jpeg 400w, https:\/\/magicmadnessgoldens.hu\/wp-content\/uploads\/2025\/08\/pup-3-600x400.jpeg 600w\" sizes=\"(max-width: 1024px) 100vw, 1024px\" \/><\/a><\/li><\/ul><\/div><\/div><\/div><\/div><\/div><div class=\"position-static vc_column_container col-md-6\" data-appear-animation=\"fadeInUp\"><div class=\"wpb_wrapper vc_column-inner\"><h3  class=\"vc_custom_heading align-left\" >At the moment, we don\u2019t have any puppies available.\nOur next planned litter will be in early summer 2026 \u2661<\/h3>\n\t<div class=\"wpb_text_column wpb_content_element\" >\n\t\t<div class=\"wpb_wrapper\">\n\t\t\t<p><strong>\u2665We are accepting a limited number of reservations for our puppies.\nBefore reaching out via our contact details, please carefully read all the information provided on this page.<\/strong><\/p>\n<p><span style=\"font-size: 15px;\"><strong>\u2665<\/strong><\/span>: <a href=\"\/en\/If you are interested in one of our puppies please send us an introduction email.Please note that we only sell puppies abroad to people we know personally, or to those recommended by people we trust.\/\">If you are interested in one of our puppies please send us an introduction email.Please note that we only sell puppies abroad to people we know personally, or to those recommended by people we trust.<\/a><\/p>\n<p>More infos about our puppies are the bottom of this page!<br \/>\nOur phone number is <a href=\"tel: 36306058855\">+36 30 605 8855<\/a> but we prefer emails to <a href=\"mailto:szkatica91@gmail.com\">szkatica91@gmail.com<\/a> if it's possible<\/p>\n<p><strong>When contacting us by email, please include a detailed introduction about yourself, your family, and any pets you already have.\u00a0<\/strong><\/p>\n\n\t\t<\/div>\n\t<\/div>\n<\/div><\/div><div class=\"vc_column_container col-md-12\"><div class=\"wpb_wrapper vc_column-inner\"><\/div><\/div><\/div><\/div><\/div><div data-vc-parallax=\"1.5\" data-vc-parallax-image=\"https:\/\/magicmadnessgoldens.hu\/wp-content\/uploads\/2023\/10\/golden-bg.jpg\" class=\"vc_row wpb_row top-row section section-parallax mt-0 section-no-borders vc_row-has-fill vc_general vc_parallax vc_parallax-content-moving porto-inner-container\"><div class=\"porto-wrap-container container\"><div class=\"row align-items-center\"><div class=\"mb-5 mb-md-0 vc_column_container col-md-6\" data-appear-animation=\"fadeInLeft\" data-appear-animation-delay=\"200\"><div class=\"wpb_wrapper vc_column-inner\"><div class=\"porto-carousel owl-carousel has-ccols ccols-1 wpb_custom_842e3452a0f7e59eb8276ed89814d9e4\" data-plugin-options=\"{&quot;themeConfig&quot;:true,&quot;stagePadding&quot;:0,&quot;margin&quot;:0,&quot;autoplay&quot;:&quot;yes&quot;,&quot;mouseDrag&quot;:true,&quot;touchDrag&quot;:true,&quot;autoplayTimeout&quot;:5000,&quot;autoplayHoverPause&quot;:false,&quot;items&quot;:1,&quot;xl&quot;:1,&quot;lg&quot;:1,&quot;md&quot;:1,&quot;sm&quot;:1,&quot;xs&quot;:1,&quot;nav&quot;:false,&quot;dots&quot;:&quot;yes&quot;,&quot;animateIn&quot;:&quot;&quot;,&quot;animateOut&quot;:&quot;&quot;,&quot;loop&quot;:&quot;yes&quot;,&quot;center&quot;:false,&quot;video&quot;:false,&quot;lazyLoad&quot;:false,&quot;fullscreen&quot;:false}\">\r\n\t<div class=\"wpb_single_image wpb_content_element vc_align_center   mb-0\">\r\n\t\t<div class=\"wpb_wrapper\">\r\n\t\t\t\r\n\t\t\t<div class=\"vc_single_image-wrapper vc_box_rounded  vc_box_border_grey\"><img decoding=\"async\" width=\"960\" height=\"960\" src=\"https:\/\/magicmadnessgoldens.hu\/wp-content\/uploads\/2023\/10\/golden-kolyok-1.jpg\" class=\"vc_single_image-img attachment-full\" alt=\"\" title=\"golden-kolyok-1\" srcset=\"https:\/\/magicmadnessgoldens.hu\/wp-content\/uploads\/2023\/10\/golden-kolyok-1.jpg 960w, https:\/\/magicmadnessgoldens.hu\/wp-content\/uploads\/2023\/10\/golden-kolyok-1-768x768.jpg 768w, https:\/\/magicmadnessgoldens.hu\/wp-content\/uploads\/2023\/10\/golden-kolyok-1-640x640.jpg 640w, https:\/\/magicmadnessgoldens.hu\/wp-content\/uploads\/2023\/10\/golden-kolyok-1-400x400.jpg 400w, https:\/\/magicmadnessgoldens.hu\/wp-content\/uploads\/2023\/10\/golden-kolyok-1-600x600.jpg 600w\" sizes=\"(max-width: 960px) 100vw, 960px\" \/><\/div>\r\n\t\t<\/div>\r\n\t<\/div>\r\n\r\n\t<div class=\"wpb_single_image wpb_content_element vc_align_center   mb-0\">\r\n\t\t<div class=\"wpb_wrapper\">\r\n\t\t\t\r\n\t\t\t<div class=\"vc_single_image-wrapper vc_box_rounded  vc_box_border_grey\"><img decoding=\"async\" width=\"960\" height=\"960\" src=\"https:\/\/magicmadnessgoldens.hu\/wp-content\/uploads\/2023\/10\/golden-kolyok-2.jpg\" class=\"vc_single_image-img attachment-full\" alt=\"\" title=\"golden-kolyok-2\" srcset=\"https:\/\/magicmadnessgoldens.hu\/wp-content\/uploads\/2023\/10\/golden-kolyok-2.jpg 960w, https:\/\/magicmadnessgoldens.hu\/wp-content\/uploads\/2023\/10\/golden-kolyok-2-768x768.jpg 768w, https:\/\/magicmadnessgoldens.hu\/wp-content\/uploads\/2023\/10\/golden-kolyok-2-640x640.jpg 640w, https:\/\/magicmadnessgoldens.hu\/wp-content\/uploads\/2023\/10\/golden-kolyok-2-400x400.jpg 400w, https:\/\/magicmadnessgoldens.hu\/wp-content\/uploads\/2023\/10\/golden-kolyok-2-600x600.jpg 600w\" sizes=\"(max-width: 960px) 100vw, 960px\" \/><\/div>\r\n\t\t<\/div>\r\n\t<\/div>\r\n\r\n\t<div class=\"wpb_single_image wpb_content_element vc_align_center   mb-0\">\r\n\t\t<div class=\"wpb_wrapper\">\r\n\t\t\t\r\n\t\t\t<div class=\"vc_single_image-wrapper vc_box_rounded  vc_box_border_grey\"><img decoding=\"async\" width=\"960\" height=\"960\" src=\"https:\/\/magicmadnessgoldens.hu\/wp-content\/uploads\/2023\/10\/golden-kolyok-3.jpg\" class=\"vc_single_image-img attachment-full\" alt=\"\" title=\"golden-kolyok-3\" srcset=\"https:\/\/magicmadnessgoldens.hu\/wp-content\/uploads\/2023\/10\/golden-kolyok-3.jpg 960w, https:\/\/magicmadnessgoldens.hu\/wp-content\/uploads\/2023\/10\/golden-kolyok-3-768x768.jpg 768w, https:\/\/magicmadnessgoldens.hu\/wp-content\/uploads\/2023\/10\/golden-kolyok-3-640x640.jpg 640w, https:\/\/magicmadnessgoldens.hu\/wp-content\/uploads\/2023\/10\/golden-kolyok-3-400x400.jpg 400w, https:\/\/magicmadnessgoldens.hu\/wp-content\/uploads\/2023\/10\/golden-kolyok-3-600x600.jpg 600w\" sizes=\"(max-width: 960px) 100vw, 960px\" \/><\/div>\r\n\t\t<\/div>\r\n\t<\/div>\r\n<\/div><\/div><\/div><div class=\"position-static vc_column_container col-md-6\" data-appear-animation=\"fadeInUp\"><div class=\"wpb_wrapper vc_column-inner\"><h2 style=\"color: #ffffff;font-weight:700\" class=\"vc_custom_heading mb-3 align-left\" >Puppies from our kennel<\/h2><h3 style=\"color: #ffffff\" class=\"vc_custom_heading align-left\" >Our primary goal, in addition to breeding healthy and beautiful dogs, is to preserve the true Golden Retriever character.<\/h3>\n\t<div class=\"wpb_text_column wpb_content_element  text-white\" >\n\t\t<div class=\"wpb_wrapper\">\n\t\t\t<p class=\" translation-block\"><strong>We try to plan every pairing to the best of our knowledge,<\/strong> and quality is always our primary concern.<\/p>\n\n\t\t<\/div>\n\t<\/div>\n<\/div><\/div><\/div><\/div><\/div><div class=\"vc_row wpb_row top-row section section-default mt-0 section-no-borders porto-inner-container\"><div class=\"porto-wrap-container container\"><div class=\"row align-items-center\"><div class=\"mb-5 mb-md-0 vc_column_container col-md-6\" data-appear-animation=\"fadeInUp\"><div class=\"wpb_wrapper vc_column-inner\"><h3  class=\"vc_custom_heading align-left\" >Puppies from our kennel can move to their new homes at the earliest at 8-9 weeks of age with the following:<\/h3>\n\t<div class=\"wpb_text_column wpb_content_element\" >\n\t\t<div class=\"wpb_wrapper\">\n\t\t\t<ul>\n<li>FCI Export Pedigree<\/li>\n<li>Microchipped<\/li>\n<li>Age-appropriate vaccinations, dewormed several times<\/li>\n<li>A pet passport<\/li>\n<li>A breeding contract<\/li>\n<li>Puppy pack, which contains some food and presents to the puppy and the owners<\/li>\n<li>Lifelong breeder support<\/li>\n<\/ul>\n\n\t\t<\/div>\n\t<\/div>\n<\/div><\/div><div class=\"position-static vc_column_container col-md-6\" data-appear-animation=\"fadeInRight\" data-appear-animation-delay=\"200\"><div class=\"wpb_wrapper vc_column-inner\">\r\n\t<div class=\"wpb_single_image wpb_content_element vc_align_center   mb-0\">\r\n\t\t<div class=\"wpb_wrapper\">\r\n\t\t\t\r\n\t\t\t<div class=\"vc_single_image-wrapper vc_box_rounded  vc_box_border_grey\"><img decoding=\"async\" width=\"960\" height=\"960\" src=\"https:\/\/magicmadnessgoldens.hu\/wp-content\/uploads\/2023\/10\/golden-4.jpg\" class=\"vc_single_image-img attachment-full\" alt=\"\" title=\"golden-4\" srcset=\"https:\/\/magicmadnessgoldens.hu\/wp-content\/uploads\/2023\/10\/golden-4.jpg 960w, https:\/\/magicmadnessgoldens.hu\/wp-content\/uploads\/2023\/10\/golden-4-768x768.jpg 768w, https:\/\/magicmadnessgoldens.hu\/wp-content\/uploads\/2023\/10\/golden-4-640x640.jpg 640w, https:\/\/magicmadnessgoldens.hu\/wp-content\/uploads\/2023\/10\/golden-4-400x400.jpg 400w\" sizes=\"(max-width: 960px) 100vw, 960px\" \/><\/div>\r\n\t\t<\/div>\r\n\t<\/div>\r\n<\/div><\/div><\/div><\/div><\/div>\n<\/div>","protected":false},"excerpt":{"rendered":"K\u00f6lyk\u00f6kJelenleg nincs gazdikeres\u0151 k\u00f6ly\u00f6k kuty\u00e1nk! K\u00f6vetkez\u0151 almunkat 2026 ny\u00e1r elej\u00e9re tervezz\u00fck \u2661 \u2665A kiskuty\u00e1kra korl\u00e1tozott sz\u00e1mban el\u0151jegyz\u00e9st felvesz\u00fcnk! K\u00e9rj\u00fck, hogy olvassa el figyelmesen az ezen az oldalon tal\u00e1lhat\u00f3 inform\u00e1ci\u00f3kat, miel\u0151tt felkeres minket el\u00e9rhet\u0151s\u00e9geink egyik\u00e9n! \u2665MIEL\u0150TT KAPCSOLATBA L\u00c9P VEL\u00dcNK mindenk\u00e9pp \u00e9rdemes megn\u00e9zni ezt a vide\u00f3t, melyet nemr\u00e9giben vel\u00fcnk forgattak: https:\/\/www.youtube.com\/watch?v=MaU9QYgXkrw \u2665A kicsik \u00e1tad\u00e1s\u00e1r\u00f3l \u00e9s almainkr\u00f3l lentebb [...]","protected":false},"author":1,"featured_media":0,"parent":0,"menu_order":0,"comment_status":"closed","ping_status":"closed","template":"","meta":{"_acf_changed":false,"footnotes":""},"class_list":["post-1253","page","type-page","status-publish","hentry"],"acf":[],"yoast_head":"<!-- This site is optimized with the Yoast SEO plugin v23.4 - https:\/\/yoast.com\/wordpress\/plugins\/seo\/ -->\n<title>K\u00f6lyk\u00f6k - Magic Madness Golden Retriever kennel<\/title>\n<meta name=\"description\" content=\"A legfontosabb, hogy minden \u00e1ltalunk teny\u00e9sztett golden retriever k\u00f6ly\u00f6k szuper csal\u00e1dhoz ker\u00fclj\u00f6n, \u00e9s csod\u00e1latos, boldog \u201ch\u00e9tk\u00f6znapi\u201d kutya\u00e9letet \u00e9lhessen.\" \/>\n<meta name=\"robots\" content=\"index, follow, max-snippet:-1, max-image-preview:large, max-video-preview:-1\" \/>\n<link rel=\"canonical\" href=\"https:\/\/magicmadnessgoldens.hu\/en\/puppies\/\" \/>\n<meta property=\"og:locale\" content=\"en_GB\" \/>\n<meta property=\"og:type\" content=\"article\" \/>\n<meta property=\"og:title\" content=\"K\u00f6lyk\u00f6k - Magic Madness Golden Retriever kennel\" \/>\n<meta property=\"og:description\" content=\"A legfontosabb, hogy minden \u00e1ltalunk teny\u00e9sztett golden retriever k\u00f6ly\u00f6k szuper csal\u00e1dhoz ker\u00fclj\u00f6n, \u00e9s csod\u00e1latos, boldog \u201ch\u00e9tk\u00f6znapi\u201d kutya\u00e9letet \u00e9lhessen.\" \/>\n<meta property=\"og:url\" content=\"https:\/\/magicmadnessgoldens.hu\/en\/puppies\/\" \/>\n<meta property=\"og:site_name\" content=\"Magic Madness Golden Retriever kennel\" \/>\n<meta property=\"article:modified_time\" content=\"2025-10-29T22:12:32+00:00\" \/>\n<meta name=\"twitter:card\" content=\"summary_large_image\" \/>\n<meta name=\"twitter:label1\" content=\"Estimated reading time\" \/>\n\t<meta name=\"twitter:data1\" content=\"3 minutes\" \/>\n<script type=\"application\/ld+json\" class=\"yoast-schema-graph\">{\"@context\":\"https:\/\/schema.org\",\"@graph\":[{\"@type\":\"WebPage\",\"@id\":\"https:\/\/magicmadnessgoldens.hu\/kolykok\/\",\"url\":\"https:\/\/magicmadnessgoldens.hu\/kolykok\/\",\"name\":\"K\u00f6lyk\u00f6k - Magic Madness Golden Retriever kennel\",\"isPartOf\":{\"@id\":\"https:\/\/magicmadnessgoldens.hu\/#website\"},\"datePublished\":\"2023-10-11T16:48:05+00:00\",\"dateModified\":\"2025-10-29T22:12:32+00:00\",\"description\":\"A legfontosabb, hogy minden \u00e1ltalunk teny\u00e9sztett golden retriever k\u00f6ly\u00f6k szuper csal\u00e1dhoz ker\u00fclj\u00f6n, \u00e9s csod\u00e1latos, boldog \u201ch\u00e9tk\u00f6znapi\u201d kutya\u00e9letet \u00e9lhessen.\",\"breadcrumb\":{\"@id\":\"https:\/\/magicmadnessgoldens.hu\/kolykok\/#breadcrumb\"},\"inLanguage\":\"en-GB\",\"potentialAction\":[{\"@type\":\"ReadAction\",\"target\":[\"https:\/\/magicmadnessgoldens.hu\/kolykok\/\"]}]},{\"@type\":\"BreadcrumbList\",\"@id\":\"https:\/\/magicmadnessgoldens.hu\/kolykok\/#breadcrumb\",\"itemListElement\":[{\"@type\":\"ListItem\",\"position\":1,\"name\":\"Kezd\u0151lap\",\"item\":\"https:\/\/magicmadnessgoldens.hu\/\"},{\"@type\":\"ListItem\",\"position\":2,\"name\":\"K\u00f6lyk\u00f6k\"}]},{\"@type\":\"WebSite\",\"@id\":\"https:\/\/magicmadnessgoldens.hu\/#website\",\"url\":\"https:\/\/magicmadnessgoldens.hu\/\",\"name\":\"Magic Madness Golden Retriever kennel\",\"description\":\"\",\"publisher\":{\"@id\":\"https:\/\/magicmadnessgoldens.hu\/#organization\"},\"potentialAction\":[{\"@type\":\"SearchAction\",\"target\":{\"@type\":\"EntryPoint\",\"urlTemplate\":\"https:\/\/magicmadnessgoldens.hu\/?s={search_term_string}\"},\"query-input\":{\"@type\":\"PropertyValueSpecification\",\"valueRequired\":true,\"valueName\":\"search_term_string\"}}],\"inLanguage\":\"en-GB\"},{\"@type\":\"Organization\",\"@id\":\"https:\/\/magicmadnessgoldens.hu\/#organization\",\"name\":\"Magic Madness Golden Retriever kennel\",\"url\":\"https:\/\/magicmadnessgoldens.hu\/\",\"logo\":{\"@type\":\"ImageObject\",\"inLanguage\":\"en-GB\",\"@id\":\"https:\/\/magicmadnessgoldens.hu\/#\/schema\/logo\/image\/\",\"url\":\"\",\"contentUrl\":\"\",\"caption\":\"Magic Madness Golden Retriever kennel\"},\"image\":{\"@id\":\"https:\/\/magicmadnessgoldens.hu\/#\/schema\/logo\/image\/\"}}]}<\/script>\n<!-- \/ Yoast SEO plugin. -->","yoast_head_json":{"title":"K\u00f6lyk\u00f6k - Magic Madness Golden Retriever kennel","description":"A legfontosabb, hogy minden \u00e1ltalunk teny\u00e9sztett golden retriever k\u00f6ly\u00f6k szuper csal\u00e1dhoz ker\u00fclj\u00f6n, \u00e9s csod\u00e1latos, boldog \u201ch\u00e9tk\u00f6znapi\u201d kutya\u00e9letet \u00e9lhessen.","robots":{"index":"index","follow":"follow","max-snippet":"max-snippet:-1","max-image-preview":"max-image-preview:large","max-video-preview":"max-video-preview:-1"},"canonical":"https:\/\/magicmadnessgoldens.hu\/en\/puppies\/","og_locale":"en_GB","og_type":"article","og_title":"K\u00f6lyk\u00f6k - Magic Madness Golden Retriever kennel","og_description":"A legfontosabb, hogy minden \u00e1ltalunk teny\u00e9sztett golden retriever k\u00f6ly\u00f6k szuper csal\u00e1dhoz ker\u00fclj\u00f6n, \u00e9s csod\u00e1latos, boldog \u201ch\u00e9tk\u00f6znapi\u201d kutya\u00e9letet \u00e9lhessen.","og_url":"https:\/\/magicmadnessgoldens.hu\/en\/puppies\/","og_site_name":"Magic Madness Golden Retriever kennel","article_modified_time":"2025-10-29T22:12:32+00:00","twitter_card":"summary_large_image","twitter_misc":{"Estimated reading time":"3 minutes"},"schema":{"@context":"https:\/\/schema.org","@graph":[{"@type":"WebPage","@id":"https:\/\/magicmadnessgoldens.hu\/kolykok\/","url":"https:\/\/magicmadnessgoldens.hu\/kolykok\/","name":"K\u00f6lyk\u00f6k - Magic Madness Golden Retriever kennel","isPartOf":{"@id":"https:\/\/magicmadnessgoldens.hu\/#website"},"datePublished":"2023-10-11T16:48:05+00:00","dateModified":"2025-10-29T22:12:32+00:00","description":"A legfontosabb, hogy minden \u00e1ltalunk teny\u00e9sztett golden retriever k\u00f6ly\u00f6k szuper csal\u00e1dhoz ker\u00fclj\u00f6n, \u00e9s csod\u00e1latos, boldog \u201ch\u00e9tk\u00f6znapi\u201d kutya\u00e9letet \u00e9lhessen.","breadcrumb":{"@id":"https:\/\/magicmadnessgoldens.hu\/kolykok\/#breadcrumb"},"inLanguage":"en-GB","potentialAction":[{"@type":"ReadAction","target":["https:\/\/magicmadnessgoldens.hu\/kolykok\/"]}]},{"@type":"BreadcrumbList","@id":"https:\/\/magicmadnessgoldens.hu\/kolykok\/#breadcrumb","itemListElement":[{"@type":"ListItem","position":1,"name":"Kezd\u0151lap","item":"https:\/\/magicmadnessgoldens.hu\/"},{"@type":"ListItem","position":2,"name":"K\u00f6lyk\u00f6k"}]},{"@type":"WebSite","@id":"https:\/\/magicmadnessgoldens.hu\/#website","url":"https:\/\/magicmadnessgoldens.hu\/","name":"Magic Madness Golden Retriever kennel","description":"","publisher":{"@id":"https:\/\/magicmadnessgoldens.hu\/#organization"},"potentialAction":[{"@type":"SearchAction","target":{"@type":"EntryPoint","urlTemplate":"https:\/\/magicmadnessgoldens.hu\/?s={search_term_string}"},"query-input":{"@type":"PropertyValueSpecification","valueRequired":true,"valueName":"search_term_string"}}],"inLanguage":"en-GB"},{"@type":"Organization","@id":"https:\/\/magicmadnessgoldens.hu\/#organization","name":"Magic Madness Golden Retriever kennel","url":"https:\/\/magicmadnessgoldens.hu\/","logo":{"@type":"ImageObject","inLanguage":"en-GB","@id":"https:\/\/magicmadnessgoldens.hu\/#\/schema\/logo\/image\/","url":"","contentUrl":"","caption":"Magic Madness Golden Retriever kennel"},"image":{"@id":"https:\/\/magicmadnessgoldens.hu\/#\/schema\/logo\/image\/"}}]}},"_links":{"self":[{"href":"https:\/\/magicmadnessgoldens.hu\/en\/wp-json\/wp\/v2\/pages\/1253","targetHints":{"allow":["GET"]}}],"collection":[{"href":"https:\/\/magicmadnessgoldens.hu\/en\/wp-json\/wp\/v2\/pages"}],"about":[{"href":"https:\/\/magicmadnessgoldens.hu\/en\/wp-json\/wp\/v2\/types\/page"}],"author":[{"embeddable":true,"href":"https:\/\/magicmadnessgoldens.hu\/en\/wp-json\/wp\/v2\/users\/1"}],"replies":[{"embeddable":true,"href":"https:\/\/magicmadnessgoldens.hu\/en\/wp-json\/wp\/v2\/comments?post=1253"}],"version-history":[{"count":24,"href":"https:\/\/magicmadnessgoldens.hu\/en\/wp-json\/wp\/v2\/pages\/1253\/revisions"}],"predecessor-version":[{"id":1585,"href":"https:\/\/magicmadnessgoldens.hu\/en\/wp-json\/wp\/v2\/pages\/1253\/revisions\/1585"}],"wp:attachment":[{"href":"https:\/\/magicmadnessgoldens.hu\/en\/wp-json\/wp\/v2\/media?parent=1253"}],"curies":[{"name":"wp","href":"https:\/\/api.w.org\/{rel}","templated":true}]}}